{"id":30,"date":"2023-10-27T23:57:49","date_gmt":"2023-10-27T23:57:49","guid":{"rendered":"https:\/\/rne.cl\/?page_id=30"},"modified":"2023-11-23T14:59:33","modified_gmt":"2023-11-23T14:59:33","slug":"quienes-somos","status":"publish","type":"page","link":"https:\/\/www.rne.cl\/?page_id=30","title":{"rendered":"Quienes somos"},"content":{"rendered":"\n<p>La Corporaci\u00f3n Ciudadana Red Nacional de Emergencia&nbsp; es una Corporaci\u00f3n sin fines de lucro con personalidad Jur\u00eddica, registrada con Fecha 23 de Marzo 2011 ante el Notario Sr. Sergio Fernando Rodr\u00edguez Uribe, domiciliado en Avda. Vicu\u00f1a Mackenna N\u00ba3125, San Joaqu\u00edn, Santiago de Chile; bajo repertorio N\u00b0227-2011, cuya misi\u00f3n es colaborar con los comit\u00e9s de protecci\u00f3n civil y organismos pertenecientes y\/o reconocidos por el Estado de Chile, mediante el tr\u00e1fico y canalizaci\u00f3n de informaci\u00f3n, con los diversos medios que la Corporaci\u00f3n y sus miembros posean e informar a la poblaci\u00f3n ante eventuales situaciones de emergencia que pueda llegar a salvar vidas, as\u00ed como tambi\u00e9n mantener informada a la comunidad de las situaciones de emergencias que se generen en el pa\u00eds.<\/p>\n\n\n\n<figure class=\"wp-block-embed is-type-video is-provider-youtube wp-block-embed-youtube wp-embed-aspect-4-3 wp-has-aspect-ratio\"><div class=\"wp-block-embed__wrapper\">\n<iframe loading=\"lazy\" title=\"Entrevista de @christianpino a @peterbombero Director de @reddeemergencia FEB 2014\" width=\"584\" height=\"438\" src=\"https:\/\/www.youtube.com\/embed\/16IwrirVnkA?feature=oembed\" frameborder=\"0\" allow=\"accelerometer; autoplay; clipboard-write; encrypted-media; gyroscope; picture-in-picture; web-share\" referrerpolicy=\"strict-origin-when-cross-origin\" allowfullscreen><\/iframe>\n<\/div><\/figure>\n\n\n\n<p><strong>Revisa el Paper que resume el trabajo y aporte de nuestra Corporaci\u00f3n:<\/strong><br>\u201cComo potenciar el nivel comunal en la Reducci\u00f3n de Riesgos del Desastres.\u201c<br><a href=\"https:\/\/www.academia.edu\/36580421\/_Como_potenciar_el_nivel_comunal_en_la_Reducci%C3%B3n_de_Riesgos_del_Desastres._\">https:\/\/www.academia.edu\/36580421\/_Como_potenciar_el_nivel_comunal_en_la_Reducci%C3%B3n_de_Riesgos_del_Desastres._<\/a><\/p>\n\n\n\n<p>Esta corporaci\u00f3n est\u00e1 conformada por voluntarios, quienes en su mayor\u00eda pertenecen a diversas instituciones relacionadas con el \u00e1rea de protecci\u00f3n civil, como Bomberos, Defensa Civil, SAMU, Radioaficionados y entre otros civiles con inquietudes y deseos de realizar una labor de servicio a la comunidad.<\/p>\n\n\n\n<p>Con m\u00e1s de 100 integrantes y m\u00e1s de 1.000.000 seguidores en redes sociales como twitter(<a href=\"https:\/\/www.twitter.com\/ReddeEmergencia\">https:\/\/www.twitter.com\/ReddeEmergencia<\/a>), facebook, quienes nos ayudan a tener informaci\u00f3n sobre diversas situaciones de emergencia que se desarrollan en todo el territorio nacional, informaci\u00f3n la cual es procesada y revisada por los controladores de la organizaci\u00f3n en las diferentes regiones del pa\u00eds con el af\u00e1n de validar y retransmitir a quien corresponda actuar en diversas situaciones de emergencias.<\/p>\n\n\n\n<p><strong>OBJETIVO ESPEC\u00cdFICO<\/strong><br>El objetivo espec\u00edfico de la corporaci\u00f3n es&nbsp; ser&nbsp; un puente entre la comunidad y las instituciones del sistema nacional de protecci\u00f3n civil&nbsp; ante una situaci\u00f3n de emergencia real o potencial, para que sean los organismos oficiales los encargados de actuar con sus medios y preparaci\u00f3n t\u00e9cnica y humana espec\u00edfica.<\/p>\n\n\n\n<p>R.N.E. es un gran apoyo para las autoridades e instituciones en casos de emergencia en tiempos normales como en contingencia, tanto en la alerta de una situaci\u00f3n criticas, como en el tr\u00e1fico de informaci\u00f3n y material de apoyo (fotograf\u00edas, videos, etc) los cuales son proporcionados por la misma ciudadan\u00eda o integrantes en el mismo lugar de los hechos, los cuales puede servir para toma de decisiones o gesti\u00f3n en momentos cruciales.<\/p>\n\n\n\n<p><strong>MEDIOS CON LO QUE CONTAMOS<\/strong><br>Desde sus inicios la RNE cuenta principalmente con los medios t\u00e9cnicos y de equipamientos de sus propios integrantes, y a medida que ha ido creciendo en el tiempo ha podido ir potenciando en sistemas para la propia instituci\u00f3n.<br><strong>RNE<\/strong><br>Plataformas de comunicaciones v\u00eda Voz IP \u201cZello At Work Privado\u201d, la que operan en cualquier computador PC, tel\u00e9fonos celulares con sistema operativo Windows Phone, Blackberry , Android y Iphone.<br>Entregando as\u00ed un medio de enlace disponible sobre un sistema de banda ancha tanto m\u00f3vil como fijo el cual no se satura en caso de emergencias mayores y permite la comunicaci\u00f3n a lo largo de todo el pa\u00eds.<\/p>\n\n\n\n<p><strong>REDES DE ENLACE VHF Y HF<\/strong><br>Gracias a la gran cantidad de integrantes de la RNE expertos en telecomunicaciones y radioaficionados la RNE cuenta con sistemas de monitoreo y enlace en todo el territorio nacional con sistema de backup por canales de enlace an\u00e1logos v\u00eda VHF Y HF cubriendo una gran cantidad del territorio nacional tanto continental como insular en caso de que el sistema digital VOip presentara fallas.<br>Logrando as\u00ed mantener una amplia cobertura nacional con nuestros miembros operadores de radio y otros pertenecientes a instituciones adheridas a la RNE.<\/p>\n\n\n\n<p>El a\u00f1o 2011 la RNE y gracias a la gestiones de la empresa privada logro concesi\u00f3n por 15 Frecuencias en VHF para ser operadas por la RNE en todas las regiones de nuestro Pais.<\/p>\n\n\n\n<p><strong><br>REDES SOCIALES<\/strong><br>La corporaci\u00f3n mantiene presencia firme en la redes sociales tanto facebook y twitter(<a href=\"https:\/\/www.twitter.com\/ReddeEmergencia\">https:\/\/www.twitter.com\/ReddeEmergencia<\/a>), con m\u00e1s de 1.000.000 seguidores y colaboradores quienes desinteresadamente aportan informaci\u00f3n en el momento, alertando a la corporaci\u00f3n de diversas situaciones, las cuales se validas y dan curso al flujo de informaci\u00f3n seg\u00fan PROTOCOLOS DE TRABAJO preestablecidos tanto internos como para instituciones externas u organismos de protecci\u00f3n civil seg\u00fan la relevancia o privacidad de dicha informaci\u00f3n.<\/p>\n\n\n\n<p><strong>REDES DE MONITOREO SISMICO CIVIL<\/strong><br>La R.N.E. es una de las pocas instituciones a nivel mundial que cuenta con una RED DE SENSORES SISMICOS CIVILES para el monitoreo y triangulaci\u00f3n de eventos s\u00edsmicos en todas las regiones del Pa\u00eds.<br>Gracias a la donaci\u00f3n de empresas privadas de dispositivos Quake Alarm ( Sensores S\u00edsmicos ) se puede determinar r\u00e1pidamente en el momento de activaci\u00f3n de estos cuantas son las regiones afectadas y triangular por sistemas de enlaces Voip y Radiales la percepci\u00f3n en escala mercalli y posible lugar de epicentro.<br>Cabe destacar que gracias a estos sistemas, para el sismo de mayor intensidad del 25 de marzo del 2012 la triangulaci\u00f3n se logro en menos 1 minuto con 45 segundos.<\/p>\n\n\n\n<p><strong>ORGANIZACI\u00d3N DE LA RED<\/strong><br>La organizaci\u00f3n de la Corporaci\u00f3n Ciudadana Red Nacional de Emergencia, se subdivide en la mesa ejecutiva, que la conforman el presidente, vicepresidente, y directivos que administran la red en sus diferentes \u00e1reas, como cuentas, servidores de Internet, comunicaciones IP y VHF, relaciones p\u00fablicas, convenios internacionales, etc.<br>Los miembros activos de la RNE ubicados a lo largo del pa\u00eds, son agrupados por los Controles Regionales y sus respectivos ayudantes, quienes manejan y administran el acontecer por cada regi\u00f3n del pa\u00eds, los que a su vez son agrupados por 4 controles zonales (Norte, Centro, Sur y Sur Austral).<\/p>\n\n\n\n<p><strong>FUNCIONAMIENTO<\/strong><br>Al momento de generarse una emergencia de cualquier tipo, la RNE es alertada por medio de instituciones de emergencia (de las cuales se mantiene monitoreo permanente), los mismos integrantes de la red y\/o por los propios usuarios de las redes sociales, los que activamente nos est\u00e1n entregando reportes en forma permanente, desde las diferentes partes del pa\u00eds, generalmente v\u00eda redes sociales como Twitter(@reddeEmergencia), Facebook, tel\u00e9fono y otros medios.<br>Estos estados de alerta son manejados por los controles regionales quienes eval\u00faan la situaci\u00f3n y dependiendo el caso, se gestiona con autoridades, instituciones de emergencia y\/o se informa a la comunidad por nuestras redes sociales, p\u00e1gina web o nuestros convenios con prensa local y nacional.<\/p>\n\n\n\n<p><strong>COMUNICACIONES<\/strong><br>Nuestras principales formas de comunicaci\u00f3n hacia y desde la RNE son:<\/p>\n\n\n\n<p>a.- Sistemas de Radiofrecuencia: En bandas de VHF y HF (con respaldo energ\u00e9tico)<\/p>\n\n\n\n<p>b.- Sistema de comunicaci\u00f3n por voz IP Loudtalks: Que permite comunicaciones v\u00eda Internet punto a punto y\/o grupales entre miembros de la red e instituciones con las que hemos creado convenios o acuerdos.<\/p>\n\n\n\n<p>c.- Redes Sociales: Usando cuentas de Twitter(@reddeEmergencia) y Facebook.<\/p>\n\n\n\n<p>d.- P\u00e1gina Web de la RNE: Con servidor con sistema Akamai ubicado en Estados Unidos, que permite tener una confiabilidad online 100% bajo modalidad 24\/7 con replica y backup en mas de 100.000 servidores en todo el mundo.<\/p>\n\n\n\n<p>e.- Convenios de la RNE con la medios Prensa Regional o Nacional<\/p>\n\n\n\n<p><strong>CONVENIOS Y ACUERDOS<\/strong><br>La Corporaci\u00f3n Red Nacional de Emergencias, posee en la actualidad numerosos acuerdos de comunicaci\u00f3n y trabajo conjunto con diferentes instituciones, las que generan una trabajo sin\u00e9rgico con fluidez en el tr\u00e1fico de informaci\u00f3n relevante a su competencia. Dichos acuerdos se mantienen en el d\u00eda a d\u00eda y se est\u00e1n generando nuevos acuerdos y convenios con nuevas instituciones, lo que hace de la RNE una gran red de informaci\u00f3n respecto a emergencias.<\/p>\n\n\n\n<p><strong>EN CONCLUSI\u00d3N<\/strong><br>La Red Nacional de Emergencias es una instituci\u00f3n con m\u00e1s de 12 a\u00f1os en funcionamiento, que se basa en la calidad de nuestros miembros voluntarios y forma una red de comunicaciones y tr\u00e1fico de informaci\u00f3n relevante a emergencias que se suscitan en los distintos rincones del pa\u00eds, instituci\u00f3n pionera en CHILE y ejemplo en el mundo de coordinaci\u00f3n civil en emergencias.<\/p>\n\n\n\n<p>Una red de personas con diferentes capacidades t\u00e9cnicas y de conocimiento, que se capacitan en forma permanente en diversas \u00e1reas de la protecci\u00f3n civil, los cuales forman una excelente red de informaci\u00f3n, con altas capacidades de alertar a las diferentes instituciones, autoridades y sistemas de emergencia a su vez mantener informada a la ciudadan\u00eda en casos que las emergencias lo ameriten.<\/p>\n\n\n\n<p><strong>Corporaci\u00f3n Red Nacional de Emergencia<br>\u201cUn Pa\u00eds Informado y Comunicado es un Pa\u00eds Preparado<br>www.RNE.cl \/ @ReddeEmergencia<\/strong><\/p>\n\n\n\n<p><strong><br>EJEMPLO DE OPERACI\u00d3N EN SITUACIONES REALES DE EMERGENCIA<\/strong><\/p>\n\n\n\n<p>A Continuaci\u00f3n dejamos link a Videos de audio enlaces en situaciones reales de emergencia en donde nuestra organizaci\u00f3n a operado y funcionado sin problemas pese a la continencia que ha afectado a una o varias regiones del pa\u00eds.<\/p>\n\n\n\n<p>\u2022 [Audio con Registro Exclusivo] con reporte en tiempo Real de Sismo 7.0 Richter del domingo 25 de Marzo 2012 http:\/\/tinyurl.com\/c8dqqvm<\/p>\n\n\n\n<p>\u2022 [Reporte exclusivo Audio] con confirmaci\u00f3n de alud en tiempo real en Cami\u00f1a I Regi\u00f3n Chile 13\/03\/12 18:00hrs<br><a href=\"http:\/\/tinyurl.com\/7j66uvf\" target=\"_blank\" rel=\"noreferrer noopener\">http:\/\/tinyurl.com\/7j66uvf<\/a><\/p>\n\n\n\n<p>\u2022 Revisa como Opero la RNE para el #Apag\u00f3n del 24 de Septiembre 2011 III a VII Regi\u00f3n<br><a href=\"http:\/\/youtu.be\/8dipwm0q7bY\" target=\"_blank\" rel=\"noreferrer noopener\">http:\/\/youtu.be\/8dipwm0q7bY<\/a><\/p>\n\n\n\n<p>\u2022 Primeros enlaces Radiales e informes de Accidente A\u00e9reo en Isla Juan Fern\u00e1ndez PARTE 1\/2<br><a href=\"http:\/\/www.youtube.com\/watch?v=KtJefH3arS4\" target=\"_blank\" rel=\"noreferrer noopener\">http:\/\/www.youtube.com\/watch?v=KtJefH3arS4<\/a><\/p>\n\n\n\n<p>\u2022 Primeros enlaces Radiales e informes de Accidente A\u00e9reo en Isla Juan Fern\u00e1ndez PARTE 2\/2<br><a href=\"http:\/\/www.youtube.com\/watch?v=KEjmt1HA4as\" target=\"_blank\" rel=\"noreferrer noopener\">http:\/\/www.youtube.com\/watch?v=KEjmt1HA4as<\/a><\/p>\n\n\n\n<p>\u2022 Reporte de Sismo 28 de Agosto 1:30hrs<br><a href=\"http:\/\/www.youtube.com\/watch?v=S54tVDIalx8\" target=\"_blank\" rel=\"noreferrer noopener\">http:\/\/www.youtube.com\/watch?v=S54tVDIalx8<\/a><\/p>\n\n\n\n<p>\u2022 [Audio] Reporte en tiempo real del Sismo 6.0 Mercalli percibido en Antofagasta a las 4:14 AM del s\u00e1bado 4 de Nov&nbsp;<\/p>\n","protected":false},"excerpt":{"rendered":"<p>La Corporaci\u00f3n Ciudadana Red Nacional de Emergencia&nbsp; es una Corporaci\u00f3n sin fines de lucro con personalidad Jur\u00eddica, registrada con Fecha 23 de Marzo 2011 ante el Notario Sr. Sergio Fernando Rodr\u00edguez Uribe, domiciliado en Avda. Vicu\u00f1a Mackenna N\u00ba3125, San Joaqu\u00edn, &hellip; <a href=\"https:\/\/www.rne.cl\/?page_id=30\">Continuar leyendo <span class=\"meta-nav\">&rarr;<\/span><\/a><\/p>\n","protected":false},"author":2,"featured_media":0,"parent":0,"menu_order":0,"comment_status":"closed","ping_status":"closed","template":"","meta":{"footnotes":""},"class_list":["post-30","page","type-page","status-publish","hentry"],"_links":{"self":[{"href":"https:\/\/www.rne.cl\/index.php?rest_route=\/wp\/v2\/pages\/30","targetHints":{"allow":["GET"]}}],"collection":[{"href":"https:\/\/www.rne.cl\/index.php?rest_route=\/wp\/v2\/pages"}],"about":[{"href":"https:\/\/www.rne.cl\/index.php?rest_route=\/wp\/v2\/types\/page"}],"author":[{"embeddable":true,"href":"https:\/\/www.rne.cl\/index.php?rest_route=\/wp\/v2\/users\/2"}],"replies":[{"embeddable":true,"href":"https:\/\/www.rne.cl\/index.php?rest_route=%2Fwp%2Fv2%2Fcomments&post=30"}],"version-history":[{"count":3,"href":"https:\/\/www.rne.cl\/index.php?rest_route=\/wp\/v2\/pages\/30\/revisions"}],"predecessor-version":[{"id":204,"href":"https:\/\/www.rne.cl\/index.php?rest_route=\/wp\/v2\/pages\/30\/revisions\/204"}],"wp:attachment":[{"href":"https:\/\/www.rne.cl\/index.php?rest_route=%2Fwp%2Fv2%2Fmedia&parent=30"}],"curies":[{"name":"wp","href":"https:\/\/api.w.org\/{rel}","templated":true}]}}