{"id":45,"date":"2023-10-28T00:32:20","date_gmt":"2023-10-28T00:32:20","guid":{"rendered":"https:\/\/rne.cl\/?page_id=45"},"modified":"2023-10-28T00:54:33","modified_gmt":"2023-10-28T00:54:33","slug":"centrales-voip-online-chile","status":"publish","type":"page","link":"https:\/\/www.rne.cl\/?page_id=45","title":{"rendered":"Centrales Online"},"content":{"rendered":"\n<p>Puedes revisar las central que actualmente estan transmitiendo sus se\u00f1ales v\u00eda VOip en el siguiente link:<\/p>\n\n\n\n<figure class=\"wp-block-image size-full\"><img loading=\"lazy\" decoding=\"async\" width=\"250\" height=\"91\" src=\"https:\/\/rne.cl\/wp-content\/uploads\/2023\/10\/broadcastify-logo.png\" alt=\"\" class=\"wp-image-46\"\/><\/figure>\n\n\n\n<p><strong>Comunicados Radiales de SENAPRED y diversos Cuerpos de Bomberos de la Regi\u00f3n Metropolitana de Santiago.<\/strong><br><br><a href=\"https:\/\/www.broadcastify.com\/webPlayer\/31702\">https:\/\/www.broadcastify.com\/webPlayer\/31702<\/a><\/p>\n\n\n\n<p><strong>Revisa otras transmisiones online en:  <\/strong><\/p>\n\n\n\n<p><a href=\"https:\/\/www.broadcastify.com\/listen\/coid\/44\">https:\/\/www.broadcastify.com\/listen\/coid\/44<\/a><\/p>\n","protected":false},"excerpt":{"rendered":"<p>Puedes revisar las central que actualmente estan transmitiendo sus se\u00f1ales v\u00eda VOip en el siguiente link: Comunicados Radiales de SENAPRED y diversos Cuerpos de Bomberos de la Regi\u00f3n Metropolitana de Santiago. https:\/\/www.broadcastify.com\/webPlayer\/31702 Revisa otras transmisiones online en: https:\/\/www.broadcastify.com\/listen\/coid\/44<\/p>\n","protected":false},"author":2,"featured_media":0,"parent":0,"menu_order":0,"comment_status":"closed","ping_status":"closed","template":"","meta":{"footnotes":""},"class_list":["post-45","page","type-page","status-publish","hentry"],"_links":{"self":[{"href":"https:\/\/www.rne.cl\/index.php?rest_route=\/wp\/v2\/pages\/45","targetHints":{"allow":["GET"]}}],"collection":[{"href":"https:\/\/www.rne.cl\/index.php?rest_route=\/wp\/v2\/pages"}],"about":[{"href":"https:\/\/www.rne.cl\/index.php?rest_route=\/wp\/v2\/types\/page"}],"author":[{"embeddable":true,"href":"https:\/\/www.rne.cl\/index.php?rest_route=\/wp\/v2\/users\/2"}],"replies":[{"embeddable":true,"href":"https:\/\/www.rne.cl\/index.php?rest_route=%2Fwp%2Fv2%2Fcomments&post=45"}],"version-history":[{"count":2,"href":"https:\/\/www.rne.cl\/index.php?rest_route=\/wp\/v2\/pages\/45\/revisions"}],"predecessor-version":[{"id":73,"href":"https:\/\/www.rne.cl\/index.php?rest_route=\/wp\/v2\/pages\/45\/revisions\/73"}],"wp:attachment":[{"href":"https:\/\/www.rne.cl\/index.php?rest_route=%2Fwp%2Fv2%2Fmedia&parent=45"}],"curies":[{"name":"wp","href":"https:\/\/api.w.org\/{rel}","templated":true}]}}