{"id":54,"date":"2023-10-28T00:39:17","date_gmt":"2023-10-28T00:39:17","guid":{"rendered":"https:\/\/rne.cl\/?page_id=54"},"modified":"2023-10-28T00:39:17","modified_gmt":"2023-10-28T00:39:17","slug":"sae-sistema-alerta-de-emergencias","status":"publish","type":"page","link":"https:\/\/www.rne.cl\/?page_id=54","title":{"rendered":"SAE Sistema Alerta de Emergencias"},"content":{"rendered":"\n<figure class=\"wp-block-image size-full\"><img loading=\"lazy\" decoding=\"async\" width=\"400\" height=\"224\" src=\"https:\/\/rne.cl\/wp-content\/uploads\/2023\/10\/SAE-LOGO.png\" alt=\"\" class=\"wp-image-55\" srcset=\"https:\/\/www.rne.cl\/wp-content\/uploads\/2023\/10\/SAE-LOGO.png 400w, https:\/\/www.rne.cl\/wp-content\/uploads\/2023\/10\/SAE-LOGO-300x168.png 300w\" sizes=\"auto, (max-width: 400px) 100vw, 400px\" \/><\/figure>\n\n\n\n<h1 class=\"wp-block-heading\">\u00bfQu\u00e9 es el SAE?<\/h1>\n\n\n\n<p>El Sistema de Alerta de Emergencia (SAE) para celulares, permitir\u00e1 enviar informaci\u00f3n a los tel\u00e9fonos que cuenten con el sello de compatibilidad. Este mensaje se emitir\u00e1 en caso de riesgos de tsunami, sismos de mayor intensidad, erupciones volc\u00e1nicas e incendios forestales con amenaza a viviendas. Dicha alerta masiva, que ser\u00e1 despachada autom\u00e1ticamente v\u00eda texto a una zona georeferenciada, no se ver\u00e1 afectada por la congesti\u00f3n de las redes celulares, dado que utilizar\u00e1 otros canales de frecuencia para llegar a los tel\u00e9fonos de forma segura.<\/p>\n\n\n\n<h1 class=\"wp-block-heading\">Sistema de Alerta de Emergencias ser\u00e1 obligatorio para todos los tel\u00e9fonos y redes m\u00f3viles del pa\u00eds<\/h1>\n\n\n\n<figure class=\"wp-block-embed is-type-video is-provider-youtube wp-block-embed-youtube wp-embed-aspect-16-9 wp-has-aspect-ratio\"><div class=\"wp-block-embed__wrapper\">\n<iframe loading=\"lazy\" title=\"Mensaje SAE (Sistema de Alerta de Emergencia)\" width=\"584\" height=\"329\" src=\"https:\/\/www.youtube.com\/embed\/-W5eb5xn2Yw?feature=oembed\" frameborder=\"0\" allow=\"accelerometer; autoplay; clipboard-write; encrypted-media; gyroscope; picture-in-picture; web-share\" referrerpolicy=\"strict-origin-when-cross-origin\" allowfullscreen><\/iframe>\n<\/div><\/figure>\n\n\n\n<p>En el marco de la publicaci\u00f3n en el Diario Oficial de la resoluci\u00f3n que modifica la normativa que implementa en celulares el Sistema de Alerta de Emergencias (SAE) en caso de alguna cat\u00e1strofe natural, el ministerio de Transportes y Telecomunicaciones y La Oficina Nacional de Emergencia, anunciaron que a partir de marzo de 2017 todos los equipos celulares comercializados en el pa\u00eds, independiente de su operador, deber\u00e1n ser compatibles con este sistema. El SAE es una herramienta que le permite a ONEMI enviar una alerta masiva a trav\u00e9s de texto, audio y vibraci\u00f3n a todos quienes utilicen un equipo celular, pero que actualmente est\u00e1 disponible s\u00f3lo para cerca del 85% de los usuarios de telefon\u00eda m\u00f3vil. Para que un celular sea compatible con el SAE debe soportar la tecnolog\u00eda CBS y desplegar instant\u00e1neamente y, mediante una ventana emergente, el mensaje de alerta que ser\u00e1 definido por la Oficina Nacional de Emergencia (ONEMI) con el t\u00edtulo \u201cAlerta de Emergencia\u201d. Este mensaje, que contar\u00e1 hasta con 90 caracteres, incluir\u00e1 la fecha y hora en su encabezado y s\u00f3lo podr\u00e1 ser interrumpido por el usuario. Asimismo, los mensajes que correspondan a SAE deber\u00e1n emitir una se\u00f1al sonora distinta a cualquier notificaci\u00f3n habitual, con vibraci\u00f3n y al m\u00e1ximo nivel audible, la que no podr\u00e1 tener una duraci\u00f3n inferior a 3 minutos, salvo que el usuario la interrumpa antes.<\/p>\n\n\n\n<h1 class=\"wp-block-heading\">Pruebas sin afectar a los usuarios<\/h1>\n\n\n\n<p>Para la implementaci\u00f3n de este sistema, se realizar\u00e1 un proceso de homologaci\u00f3n, en el que se evaluar\u00e1n las redes m\u00f3viles a trav\u00e9s de un canal de pruebas distinto al utilizado para enviar las alertas. Para las pruebas, los operadores deber\u00e1n elaborar un plan anual se\u00f1alando fechas, horas y zonas geogr\u00e1ficas donde se enviar\u00e1n los mensajes, sin afectaci\u00f3n a los usuarios de los alrededores. En tanto, las personas naturales que quieran traer su equipo m\u00f3vil desde el extranjero, deber\u00e1n asegurarse de que \u00e9ste es compatible con SAE, de otra manera, no podr\u00e1 utilizarlo. Esta nueva disposici\u00f3n de la Subtel, se suma al sello multibanda que deber\u00e1n incorporar todos los celulares en su envase desde el primer semestre de 2017, con la finalidad de indicar a los usuarios para qu\u00e9 banda es apta la tecnolog\u00eda del m\u00f3vil que quieren comprar o utilizan.-<\/p>\n","protected":false},"excerpt":{"rendered":"<p>\u00bfQu\u00e9 es el SAE? El Sistema de Alerta de Emergencia (SAE) para celulares, permitir\u00e1 enviar informaci\u00f3n a los tel\u00e9fonos que cuenten con el sello de compatibilidad. Este mensaje se emitir\u00e1 en caso de riesgos de tsunami, sismos de mayor intensidad, &hellip; <a href=\"https:\/\/www.rne.cl\/?page_id=54\">Continuar leyendo <span class=\"meta-nav\">&rarr;<\/span><\/a><\/p>\n","protected":false},"author":2,"featured_media":0,"parent":0,"menu_order":0,"comment_status":"closed","ping_status":"closed","template":"","meta":{"footnotes":""},"class_list":["post-54","page","type-page","status-publish","hentry"],"_links":{"self":[{"href":"https:\/\/www.rne.cl\/index.php?rest_route=\/wp\/v2\/pages\/54","targetHints":{"allow":["GET"]}}],"collection":[{"href":"https:\/\/www.rne.cl\/index.php?rest_route=\/wp\/v2\/pages"}],"about":[{"href":"https:\/\/www.rne.cl\/index.php?rest_route=\/wp\/v2\/types\/page"}],"author":[{"embeddable":true,"href":"https:\/\/www.rne.cl\/index.php?rest_route=\/wp\/v2\/users\/2"}],"replies":[{"embeddable":true,"href":"https:\/\/www.rne.cl\/index.php?rest_route=%2Fwp%2Fv2%2Fcomments&post=54"}],"version-history":[{"count":1,"href":"https:\/\/www.rne.cl\/index.php?rest_route=\/wp\/v2\/pages\/54\/revisions"}],"predecessor-version":[{"id":57,"href":"https:\/\/www.rne.cl\/index.php?rest_route=\/wp\/v2\/pages\/54\/revisions\/57"}],"wp:attachment":[{"href":"https:\/\/www.rne.cl\/index.php?rest_route=%2Fwp%2Fv2%2Fmedia&parent=54"}],"curies":[{"name":"wp","href":"https:\/\/api.w.org\/{rel}","templated":true}]}}