{"id":58,"date":"2023-10-28T00:43:09","date_gmt":"2023-10-28T00:43:09","guid":{"rendered":"https:\/\/rne.cl\/?page_id=58"},"modified":"2023-10-28T00:51:54","modified_gmt":"2023-10-28T00:51:54","slug":"sismos-terremotos-online-csn","status":"publish","type":"page","link":"https:\/\/www.rne.cl\/?page_id=58","title":{"rendered":"Sismos\/Terremotos online (CSN)"},"content":{"rendered":"\n<figure class=\"wp-block-image size-full is-resized\"><img loading=\"lazy\" decoding=\"async\" width=\"438\" height=\"112\" src=\"https:\/\/rne.cl\/wp-content\/uploads\/2023\/10\/csn-logo-1.png\" alt=\"\" class=\"wp-image-60\" style=\"aspect-ratio:3.9107142857142856;width:614px;height:auto\" srcset=\"https:\/\/www.rne.cl\/wp-content\/uploads\/2023\/10\/csn-logo-1.png 438w, https:\/\/www.rne.cl\/wp-content\/uploads\/2023\/10\/csn-logo-1-300x77.png 300w\" sizes=\"auto, (max-width: 438px) 100vw, 438px\" \/><\/figure>\n\n\n\n<p><strong><a href=\"https:\/\/www.sismologia.cl\/\" data-type=\"link\" data-id=\"https:\/\/www.sismologia.cl\/\" target=\"_blank\" rel=\"noreferrer noopener\">VER \u00daLTIMA INFORMACI\u00d3N DE SISMOS EN CHILE<\/a><\/strong>.<\/p>\n\n\n\n<p>El&nbsp;<strong>Centro Sismol\u00f3gico Nacional (CSN)&nbsp;<\/strong>es el organismo t\u00e9cnico oficial encargado del monitoreo de la actividad s\u00edsmica que&nbsp;afecta&nbsp;al&nbsp;territorio&nbsp;nacional. La misi\u00f3n del CSN es entregar datos e informaci\u00f3n sismol\u00f3gica de calidad en forma oportuna al&nbsp;Servicio Nacional de Prevenci\u00f3n y Respuesta ante Desastres (SENAPRED), al Servicio Hidrogr\u00e1fico y Oceanogr\u00e1fico de la Armada (SHOA), autoridades, mundo cient\u00edfico, expertos en los \u00e1mbitos de la prevenci\u00f3n, mitigaci\u00f3n y reducci\u00f3n de riesgo s\u00edsmico y a la comunidad en general.<\/p>\n\n\n\n<p>El CSN est\u00e1 compuesto por especialistas en Ciencias de la Tierra y personal de apoyo especializado, quienes trabajan en la instalaci\u00f3n y mantenimiento de los observatorios sismol\u00f3gicos, y en la recolecci\u00f3n, procesamiento, an\u00e1lisis y difusi\u00f3n de los datos, de acuerdo a las normas internacionales m\u00e1s exigentes para situaciones de emergencia. Como parte de su labor, el CSN incluye adem\u00e1s el desarrollo e integraci\u00f3n de nuevas metodolog\u00edas que permiten el mejoramiento continuo de sus capacidades.<\/p>\n\n\n\n<p>Para cumplir con los altos est\u00e1ndares definidos en su misi\u00f3n, el CSN invierte los recursos entregados por el Estado, a trav\u00e9s de SENAPRED, en disponer de equipos sismol\u00f3gicos, de comunicaciones y de procesamiento de \u00faltima generaci\u00f3n, adem\u00e1s de personal altamente calificado, trabajando las 24 horas, 7 d\u00edas a la semana, para dar una oportuna respuesta en caso de un evento s\u00edsmico en el pa\u00eds.<\/p>\n\n\n\n<p>Frente a un evento s\u00edsmico en cualquier parte del pa\u00eds, la informaci\u00f3n que detalla el fen\u00f3meno es publicada en breves minutos en el sitio web&nbsp;<strong><a href=\"http:\/\/www.sismologia.cl\/\">www.sismologia.cl<\/a>&nbsp;<\/strong>y la aplicaci\u00f3n para tel\u00e9fonos inteligentes<strong>&nbsp;\u201cSismos CSN\u201d<\/strong>, las que est\u00e1n disponibles para el conocimiento de toda la comunidad. En forma paralela, el p\u00fablico interesado puede informarse sobre la sismolog\u00eda y las actividades del Centro Sismol\u00f3gico Nacional en el sitio web&nbsp;<strong><a href=\"https:\/\/www.csn.uchile.cl\/\">www.csn.uchile.cl<\/a><\/strong>.<\/p>\n","protected":false},"excerpt":{"rendered":"<p>VER \u00daLTIMA INFORMACI\u00d3N DE SISMOS EN CHILE. El&nbsp;Centro Sismol\u00f3gico Nacional (CSN)&nbsp;es el organismo t\u00e9cnico oficial encargado del monitoreo de la actividad s\u00edsmica que&nbsp;afecta&nbsp;al&nbsp;territorio&nbsp;nacional. La misi\u00f3n del CSN es entregar datos e informaci\u00f3n sismol\u00f3gica de calidad en forma oportuna al&nbsp;Servicio Nacional &hellip; <a href=\"https:\/\/www.rne.cl\/?page_id=58\">Continuar leyendo <span class=\"meta-nav\">&rarr;<\/span><\/a><\/p>\n","protected":false},"author":2,"featured_media":0,"parent":0,"menu_order":0,"comment_status":"closed","ping_status":"closed","template":"","meta":{"footnotes":""},"class_list":["post-58","page","type-page","status-publish","hentry"],"_links":{"self":[{"href":"https:\/\/www.rne.cl\/index.php?rest_route=\/wp\/v2\/pages\/58","targetHints":{"allow":["GET"]}}],"collection":[{"href":"https:\/\/www.rne.cl\/index.php?rest_route=\/wp\/v2\/pages"}],"about":[{"href":"https:\/\/www.rne.cl\/index.php?rest_route=\/wp\/v2\/types\/page"}],"author":[{"embeddable":true,"href":"https:\/\/www.rne.cl\/index.php?rest_route=\/wp\/v2\/users\/2"}],"replies":[{"embeddable":true,"href":"https:\/\/www.rne.cl\/index.php?rest_route=%2Fwp%2Fv2%2Fcomments&post=58"}],"version-history":[{"count":3,"href":"https:\/\/www.rne.cl\/index.php?rest_route=\/wp\/v2\/pages\/58\/revisions"}],"predecessor-version":[{"id":68,"href":"https:\/\/www.rne.cl\/index.php?rest_route=\/wp\/v2\/pages\/58\/revisions\/68"}],"wp:attachment":[{"href":"https:\/\/www.rne.cl\/index.php?rest_route=%2Fwp%2Fv2%2Fmedia&parent=58"}],"curies":[{"name":"wp","href":"https:\/\/api.w.org\/{rel}","templated":true}]}}