{"id":74,"date":"2023-10-28T00:56:47","date_gmt":"2023-10-28T00:56:47","guid":{"rendered":"https:\/\/rne.cl\/?page_id=74"},"modified":"2023-10-28T00:56:47","modified_gmt":"2023-10-28T00:56:47","slug":"sistema-alerta-tsunamis","status":"publish","type":"page","link":"https:\/\/www.rne.cl\/?page_id=74","title":{"rendered":"Sistema Alerta Tsunamis"},"content":{"rendered":"\n<p><\/p>\n\n\n\n<figure class=\"wp-block-image size-full\"><img loading=\"lazy\" decoding=\"async\" width=\"300\" height=\"85\" src=\"https:\/\/rne.cl\/wp-content\/uploads\/2023\/10\/imagen_snam2.png\" alt=\"\" class=\"wp-image-75\"\/><\/figure>\n\n\n\n<p>Por\u00a0, el Estado de Chile design\u00f3 al Servicio Hidrogr\u00e1fico y Oceanogr\u00e1fico de la Armada (SHOA), entonces denominado Instituto Hidrogr\u00e1fico de la Armada, como representante Oficial de Chile ante el Sistema Internacional de Alarma de Tsunami del Pac\u00edfico, cuyo centro de operaciones es el Pacific Tsunami Warning Center (PTWC) ubicado en Hawaii (Estados Unidos), creando de esta forma el Sistema Nacional de Alarma de Maremotos.<\/p>\n\n\n\n<p>En el siguiente link revisar informaci\u00f3n 24&#215;7 y en tiempo real de los boletines de aviso,alerta o alarmas de Tsunami para Chile:<\/p>\n\n\n\n<p><a href=\"https:\/\/www.snamchile.cl\/index.php\" data-type=\"link\" data-id=\"https:\/\/www.snamchile.cl\/index.php\" target=\"_blank\" rel=\"noreferrer noopener\">Snamchile<\/a><\/p>\n","protected":false},"excerpt":{"rendered":"<p>Por\u00a0, el Estado de Chile design\u00f3 al Servicio Hidrogr\u00e1fico y Oceanogr\u00e1fico de la Armada (SHOA), entonces denominado Instituto Hidrogr\u00e1fico de la Armada, como representante Oficial de Chile ante el Sistema Internacional de Alarma de Tsunami del Pac\u00edfico, cuyo centro de &hellip; <a href=\"https:\/\/www.rne.cl\/?page_id=74\">Continuar leyendo <span class=\"meta-nav\">&rarr;<\/span><\/a><\/p>\n","protected":false},"author":2,"featured_media":0,"parent":0,"menu_order":0,"comment_status":"closed","ping_status":"closed","template":"","meta":{"footnotes":""},"class_list":["post-74","page","type-page","status-publish","hentry"],"_links":{"self":[{"href":"https:\/\/www.rne.cl\/index.php?rest_route=\/wp\/v2\/pages\/74","targetHints":{"allow":["GET"]}}],"collection":[{"href":"https:\/\/www.rne.cl\/index.php?rest_route=\/wp\/v2\/pages"}],"about":[{"href":"https:\/\/www.rne.cl\/index.php?rest_route=\/wp\/v2\/types\/page"}],"author":[{"embeddable":true,"href":"https:\/\/www.rne.cl\/index.php?rest_route=\/wp\/v2\/users\/2"}],"replies":[{"embeddable":true,"href":"https:\/\/www.rne.cl\/index.php?rest_route=%2Fwp%2Fv2%2Fcomments&post=74"}],"version-history":[{"count":1,"href":"https:\/\/www.rne.cl\/index.php?rest_route=\/wp\/v2\/pages\/74\/revisions"}],"predecessor-version":[{"id":77,"href":"https:\/\/www.rne.cl\/index.php?rest_route=\/wp\/v2\/pages\/74\/revisions\/77"}],"wp:attachment":[{"href":"https:\/\/www.rne.cl\/index.php?rest_route=%2Fwp%2Fv2%2Fmedia&parent=74"}],"curies":[{"name":"wp","href":"https:\/\/api.w.org\/{rel}","templated":true}]}}